{"id":693,"date":"2019-06-27T15:42:45","date_gmt":"2019-06-27T13:42:45","guid":{"rendered":"https:\/\/www.colocalausanne.com\/unsere-wohnanlagen\/"},"modified":"2023-08-02T18:38:04","modified_gmt":"2023-08-02T16:38:04","slug":"unsere-wohnanlagen","status":"publish","type":"page","link":"https:\/\/www.colocalausanne.com\/de\/unsere-wohnanlagen\/","title":{"rendered":"Unsere Wohnanlagen"},"content":{"rendered":"\n<p>Unsere Wohngemeinschaften werden als m\u00f6blierte Zimmer in 3-, 4- oder 5-Zimmer-Wohnungen je nach Geb\u00e4ude vermietet.<\/p>\n\n\n\n<div class=\"wp-block-columns is-layout-flex wp-container-core-columns-is-layout-9d6595d7 wp-block-columns-is-layout-flex\">\n<div class=\"wp-block-column is-layout-flow wp-block-column-is-layout-flow\">\n<h2 class=\"wp-block-heading has-text-align-center\">Vallonnette<\/h2>\n\n\n\n<figure class=\"wp-block-image\"><img loading=\"lazy\" decoding=\"async\" width=\"325\" height=\"200\" src=\"https:\/\/www.colocalausanne.com\/wp-content\/uploads\/2019\/06\/residence-mgm-vallonnette-lausanne.jpg\" alt=\"\" class=\"wp-image-38\" srcset=\"https:\/\/www.colocalausanne.com\/wp-content\/uploads\/2019\/06\/residence-mgm-vallonnette-lausanne.jpg 325w, https:\/\/www.colocalausanne.com\/wp-content\/uploads\/2019\/06\/residence-mgm-vallonnette-lausanne-300x185.jpg 300w\" sizes=\"auto, (max-width: 325px) 100vw, 325px\" \/><\/figure>\n\n\n\n<p>Die Vallonnette-Residenz befindet sich in <strong>Lausanne-Chailly<\/strong> und bietet viele m\u00f6blierte Zimmer in 5-Zimmer-Wohnungen (4 Zimmer + 1 Gemeinschaftsraum) und 3-Zimmer-Wohnungen (2 Zimmer + 1 Gemeinschaftsraum).<\/p>\n<\/div>\n\n\n\n<div class=\"wp-block-column is-layout-flow wp-block-column-is-layout-flow\">\n<h2 class=\"wp-block-heading has-text-align-center\">Collonges<\/h2>\n\n\n\n<figure class=\"wp-block-image\"><img loading=\"lazy\" decoding=\"async\" width=\"325\" height=\"200\" src=\"https:\/\/www.colocalausanne.com\/wp-content\/uploads\/2019\/06\/residence-mgm-collonges-lausanne.jpg\" alt=\"\" class=\"wp-image-37\" srcset=\"https:\/\/www.colocalausanne.com\/wp-content\/uploads\/2019\/06\/residence-mgm-collonges-lausanne.jpg 325w, https:\/\/www.colocalausanne.com\/wp-content\/uploads\/2019\/06\/residence-mgm-collonges-lausanne-300x185.jpg 300w\" sizes=\"auto, (max-width: 325px) 100vw, 325px\" \/><\/figure>\n\n\n\n<p>Unser Collonges-Mietgeb\u00e4ude befindet sich im Viertel <strong>Lausanne-Beaulieu<\/strong> und bietet m\u00f6blierte Zimmer in 3,5-Zimmer-Wohnungen (3 Zimmer + gemeinsamer Flur).<\/p>\n<\/div>\n\n\n\n<div class=\"wp-block-column is-layout-flow wp-block-column-is-layout-flow\">\n<h2 class=\"wp-block-heading has-text-align-center\">Suchet<\/h2>\n\n\n\n<figure class=\"wp-block-image\"><img loading=\"lazy\" decoding=\"async\" width=\"325\" height=\"200\" src=\"https:\/\/www.colocalausanne.com\/wp-content\/uploads\/2019\/06\/residence-suchet-lausanne.jpg\" alt=\"\" class=\"wp-image-36\" srcset=\"https:\/\/www.colocalausanne.com\/wp-content\/uploads\/2019\/06\/residence-suchet-lausanne.jpg 325w, https:\/\/www.colocalausanne.com\/wp-content\/uploads\/2019\/06\/residence-suchet-lausanne-300x185.jpg 300w\" sizes=\"auto, (max-width: 325px) 100vw, 325px\" \/><\/figure>\n\n\n\n<p>Dieses Mietgeb\u00e4ude liegt im Viertel Lausanne <strong>unterhalb des Bahnhofs<\/strong> und verf\u00fcgt \u00fcber m\u00f6blierte Zimmer in 3,5-Zimmer-Wohnungen (3 Zimmer + 1 gemeinsamer Flur).<\/p>\n<\/div>\n<\/div>\n\n\n\n<h2 class=\"wp-block-heading\">Auf der Karte anzeigen<\/h2>\n\n\n<p><iframe loading=\"lazy\" src=\"https:\/\/www.google.com\/maps\/d\/embed?mid=1PqMnZDq-hY4rx3leOgV8ySTcEcKoCGwk\" width=\"1040\" height=\"580\"><\/iframe><\/p>\n","protected":false},"excerpt":{"rendered":"<p>Unsere Wohngemeinschaften werden als m\u00f6blierte Zimmer in 3-, 4- oder 5-Zimmer-Wohnungen je nach Geb\u00e4ude vermietet. Vallonnette Die Vallonnette-Residenz befindet sich in Lausanne-Chailly und bietet viele m\u00f6blierte Zimmer in 5-Zimmer-Wohnungen (4 Zimmer + 1 Gemeinschaftsraum) und 3-Zimmer-Wohnungen (2 Zimmer + 1 Gemeinschaftsraum). Collonges Unser Collonges-Mietgeb\u00e4ude befindet sich im Viertel Lausanne-Beaulieu und bietet m\u00f6blierte Zimmer in 3,5-Zimmer-Wohnungen [&hellip;]<\/p>\n","protected":false},"author":1,"featured_media":0,"parent":0,"menu_order":10,"comment_status":"closed","ping_status":"closed","template":"","meta":{"footnotes":""},"class_list":["post-693","page","type-page","status-publish","hentry"],"aioseo_notices":[],"pbg_featured_image_src":{"full":false,"thumbnail":false,"medium":false,"medium_large":false,"large":false,"1536x1536":false,"2048x2048":false,"post-thumbnail":false},"pbg_author_info":{"display_name":"mgm","author_link":"https:\/\/www.colocalausanne.com\/de\/author\/mgm\/","author_img":"<img alt='mgm' src='https:\/\/secure.gravatar.com\/avatar\/b83db5121e3436b0f3f13a45f9df07bf2818e45c7cbc7d97d1c9cf54786e4451?s=128&#038;d=mm&#038;r=g' srcset='https:\/\/secure.gravatar.com\/avatar\/b83db5121e3436b0f3f13a45f9df07bf2818e45c7cbc7d97d1c9cf54786e4451?s=256&#038;d=mm&#038;r=g 2x' class='avatar avatar-128 photo' height='128' width='128' loading='lazy' decoding='async'\/>"},"pbg_comment_info":" No Comments","pbg_excerpt":"Unsere Wohngemeinschaften werden als m\u00f6blierte Zimmer in 3-, 4- oder 5-Zimmer-Wohnungen je nach Geb\u00e4ude vermietet. Vallonnette Die Vallonnette-Residenz befindet sich in Lausanne-Chailly und bietet viele m\u00f6blierte Zimmer in 5-Zimmer-Wohnungen (4 Zimmer + 1 Gemeinschaftsraum) und 3-Zimmer-Wohnungen (2 Zimmer + 1 Gemeinschaftsraum). Collonges Unser Collonges-Mietgeb\u00e4ude befindet sich im Viertel Lausanne-Beaulieu und bietet m\u00f6blierte Zimmer in 3,5-Zimmer-Wohnungen&hellip;","_links":{"self":[{"href":"https:\/\/www.colocalausanne.com\/de\/wp-json\/wp\/v2\/pages\/693","targetHints":{"allow":["GET"]}}],"collection":[{"href":"https:\/\/www.colocalausanne.com\/de\/wp-json\/wp\/v2\/pages"}],"about":[{"href":"https:\/\/www.colocalausanne.com\/de\/wp-json\/wp\/v2\/types\/page"}],"author":[{"embeddable":true,"href":"https:\/\/www.colocalausanne.com\/de\/wp-json\/wp\/v2\/users\/1"}],"replies":[{"embeddable":true,"href":"https:\/\/www.colocalausanne.com\/de\/wp-json\/wp\/v2\/comments?post=693"}],"version-history":[{"count":4,"href":"https:\/\/www.colocalausanne.com\/de\/wp-json\/wp\/v2\/pages\/693\/revisions"}],"predecessor-version":[{"id":773,"href":"https:\/\/www.colocalausanne.com\/de\/wp-json\/wp\/v2\/pages\/693\/revisions\/773"}],"wp:attachment":[{"href":"https:\/\/www.colocalausanne.com\/de\/wp-json\/wp\/v2\/media?parent=693"}],"curies":[{"name":"wp","href":"https:\/\/api.w.org\/{rel}","templated":true}]}}